{"id":2082,"date":"2015-11-07T21:05:07","date_gmt":"2015-11-07T20:05:07","guid":{"rendered":"https:\/\/mikzz.dk\/?page_id=2082"},"modified":"2022-02-03T20:05:42","modified_gmt":"2022-02-03T19:05:42","slug":"kyst","status":"publish","type":"page","link":"https:\/\/mikzz.dk\/?page_id=2082","title":{"rendered":"Mariager Fjord"},"content":{"rendered":"<h5>Mindste m\u00e5l<\/h5>\n<p><strong>Fredningstid: <\/strong>16. nov &#8211; 15. jan Alle farvande (i yngledragt)<br \/>\n<strong>Mindstem\u00e5l: <\/strong>40 cm<strong><br \/>\n<\/strong><\/p>\n<p>I saltvand g\u00e6lder fredning af laks og \u00f8rred kun farvede fisk, dvs. fisk i yngledragt. I fredningsperioden m\u00e5 du kun tage helt blanke fisk med l\u00f8se sk\u00e6l med hjem. Farvede fisk skal straks og s\u00e5 n\u00e6nsomt som muligt genuds\u00e6ttes<\/p>\n<span class=\"\" style=\"display:block;clear:both;height: 0px;padding-top: 40px;border-top-width:0px;border-bottom-width:0px;\"><\/span>\n<h5>Blink og wobler<\/h5>\n<p>De forskellige blink, wobler og genneml\u00f8ber jeg som standard har i min grejkasse, er som nedenst\u00e5ende. Dog skal det siges at der er andre, men disse er grundstenen for mig og kommer med p\u00e5 tur hver gang. Normalt bruger jeg nedenst\u00e5ende i v\u00e6gtklasse op til omkring de 25g sammen med en 9\/10 fods stang.<\/p>\n<p>En ny wobler som jeg synes fisker utroligt godt, er nyeste skud fra ABU. Deres nye MO coast p\u00e5 16 g fisker fantastisk i alle vandlag b\u00e5de laaaangsomt og hurtigt. Den er bestemt et fors\u00f8g v\u00e6rd. Denne vil helt sikkert v\u00e6re fast bestand i grejkassen n\u00e5r jeg drager afsted. Det er ogs\u00e5 denne jeg har taget min f\u00f8rste fjord\u00f8rred p\u00e5, som holdte m\u00e5let.<\/p>\n<table style=\"height: 32px; width: 100%;\">\n<tbody>\n<tr>\n<td style=\"width: 20%; text-align: center;\"><img loading=\"lazy\" decoding=\"async\" class=\"alignnone wp-image-3461\" src=\"https:\/\/mikzz.dk\/wp-content\/uploads\/2015\/11\/mo.jpg\" width=\"100\" height=\"83\" \/><\/td>\n<td style=\"width: 20%; text-align: center;\"><img loading=\"lazy\" decoding=\"async\" class=\"alignnone wp-image-2674\" src=\"https:\/\/mikzz.dk\/wp-content\/uploads\/2015\/11\/salty.jpg\" alt=\"salty\" width=\"100\" height=\"83\" \/><\/td>\n<td style=\"width: 20%; text-align: center;\"><img loading=\"lazy\" decoding=\"async\" class=\"alignnone wp-image-2679\" src=\"https:\/\/mikzz.dk\/wp-content\/uploads\/2015\/11\/silver.jpg\" alt=\"silver\" width=\"100\" height=\"83\" \/><\/td>\n<td style=\"width: 20%; text-align: center;\"><\/td>\n<td style=\"width: 20%; text-align: center;\"><\/td>\n<\/tr>\n<tr>\n<td style=\"width: 20%; text-align: center;\"><strong>MO Coast<\/strong><\/td>\n<td style=\"width: 20%; text-align: center;\"><strong>Salty<\/strong><\/td>\n<td style=\"width: 20%; text-align: center;\"><strong>S\u00f8lvpilen<br \/>\n<\/strong><\/td>\n<td style=\"width: 20%; text-align: center;\"><\/td>\n<td style=\"width: 20%; text-align: center;\"><\/td>\n<\/tr>\n<\/tbody>\n<\/table>\n<p>Jeg fisker dem altid med ca. 1 meters monofil \/ flourocarbon yderst. Til tider kan jeg\u00a0 sagtens finde p\u00e5 at bruge en oph\u00e6nger flue. Det er meget forskelligt om jeg f\u00e5r dem p\u00e5 oph\u00e6nger eller de tager blinket.<br \/>\nEnkelte gange har jeg lyst til at g\u00e5 med lidt lettere grej og der k\u00f8rer jeg gerne v\u00e6gte op til 13g med en 8 fod stang. Det synes at g\u00f8r det nemmere at fiske langsomt over det lave vand.<br \/>\n<span class=\"\" style=\"display:block;clear:both;height: 0px;padding-top: 40px;border-top-width:0px;border-bottom-width:0px;\"><\/span><\/p>\n<h5>Gulp!<\/h5>\n<p>Bombarda og gulp er en sikker vinder. Det er nemmere at h\u00e5ndtere end en rigtig orm, da den ikke s\u00e5 nemt falder af krogen. Ligeledes kan den fiskes b\u00e5de hurtigt og langsom. Dybt og h\u00f8jt.<\/p>\n<p>N\u00e5r jeg rigger min Gulp orm om det s\u00e5 er Nightcrawlers eller B\u00f8rsteorm, bruger jeg altid en ormekrog med modhager for at mindske chancen for at gummidyret falder af krogen.<\/p>\n<span class=\"\" style=\"display:block;clear:both;height: 0px;padding-top: 40px;border-top-width:0px;border-bottom-width:0px;\"><\/span>\n<h5>Mariager fjord &#8211; Fiskepladser<\/h5>\n<p>For tiden er det Mariager fjord som tr\u00e6kker. Jeg har venner som bor i omr\u00e5det der har godt kendskab til en del af de gode pladser. Deres viden er guld v\u00e6rd, n\u00e5r man som mig fisker p\u00e5 ukendt omr\u00e5de.<\/p>\n<p>Nedenst\u00e5ende et super v\u00e6rkt\u00f8j for at komme ud p\u00e5 pladser som muligvis er bedre end andre. Forventer at jeg p\u00e5 et tidspunkt har udforsket dem alle<br \/>\nMarkeret med <strong><span style=\"color: #339966;\">Gr\u00f8n<\/span> <\/strong>har jeg bes\u00f8gt<\/p>\n<p><iframe loading=\"lazy\" src=\"https:\/\/www.google.com\/maps\/d\/embed?mid=1_cb12Hrfj2E_Fijtw5kB9Gd8fVU\" width=\"100%\" height=\"680\"><\/iframe><\/p>\n<span class=\"\" style=\"display:block;clear:both;height: 0px;padding-top: 40px;border-top-width:0px;border-bottom-width:0px;\"><\/span>\n<p>&nbsp;<\/p>\n<p>Visit Mariager Fjord har en god folder som giver ekstra info til pladserne. Se den<strong> <a href=\"https:\/\/mikzz.dk\/wp-content\/uploads\/2015\/11\/Seatrout-folder_web.pdf\" target=\"_blank\" rel=\"noopener\">HER<\/a><\/strong><\/p>\n","protected":false},"excerpt":{"rendered":"<p>Mindste m\u00e5l Fredningstid: 16. nov &#8211; 15. jan Alle farvande (i yngledragt) Mindstem\u00e5l: 40 cm I saltvand g\u00e6lder fredning af laks og \u00f8rred kun farvede fisk, dvs. fisk i yngledragt. I fredningsperioden m\u00e5 du kun tage helt blanke fisk med l\u00f8se sk\u00e6l med hjem. Farvede fisk skal straks og s\u00e5 n\u00e6nsomt som muligt genuds\u00e6ttes Blink &#8230; <a title=\"Mariager Fjord\" class=\"read-more\" href=\"https:\/\/mikzz.dk\/?page_id=2082\" aria-label=\"Read more about Mariager Fjord\">Read more<\/a><\/p>\n","protected":false},"author":1,"featured_media":0,"parent":1795,"menu_order":0,"comment_status":"closed","ping_status":"closed","template":"","meta":{"footnotes":""},"class_list":["post-2082","page","type-page","status-publish"],"_links":{"self":[{"href":"https:\/\/mikzz.dk\/index.php?rest_route=\/wp\/v2\/pages\/2082","targetHints":{"allow":["GET"]}}],"collection":[{"href":"https:\/\/mikzz.dk\/index.php?rest_route=\/wp\/v2\/pages"}],"about":[{"href":"https:\/\/mikzz.dk\/index.php?rest_route=\/wp\/v2\/types\/page"}],"author":[{"embeddable":true,"href":"https:\/\/mikzz.dk\/index.php?rest_route=\/wp\/v2\/users\/1"}],"replies":[{"embeddable":true,"href":"https:\/\/mikzz.dk\/index.php?rest_route=%2Fwp%2Fv2%2Fcomments&post=2082"}],"version-history":[{"count":0,"href":"https:\/\/mikzz.dk\/index.php?rest_route=\/wp\/v2\/pages\/2082\/revisions"}],"up":[{"embeddable":true,"href":"https:\/\/mikzz.dk\/index.php?rest_route=\/wp\/v2\/pages\/1795"}],"wp:attachment":[{"href":"https:\/\/mikzz.dk\/index.php?rest_route=%2Fwp%2Fv2%2Fmedia&parent=2082"}],"curies":[{"name":"wp","href":"https:\/\/api.w.org\/{rel}","templated":true}]}}