{"id":4103,"date":"2017-11-12T18:38:17","date_gmt":"2017-11-12T17:38:17","guid":{"rendered":"https:\/\/mikzz.dk\/?page_id=4103"},"modified":"2025-10-10T22:38:01","modified_gmt":"2025-10-10T20:38:01","slug":"sousvide","status":"publish","type":"page","link":"https:\/\/mikzz.dk\/?page_id=4103","title":{"rendered":"Madkassen"},"content":{"rendered":"<div id=\"pl-4103\"  class=\"panel-layout\" ><div id=\"pg-4103-0\"  class=\"panel-grid panel-no-style\" ><div id=\"pgc-4103-0-0\"  class=\"panel-grid-cell\" ><div id=\"panel-4103-0-0-0\" class=\"so-panel widget widget_black-studio-tinymce widget_black_studio_tinymce panel-first-child panel-last-child\" data-index=\"0\" ><div class=\"textwidget\"><p style=\"text-align: center;\"><img loading=\"lazy\" decoding=\"async\" class=\"aligncenter wp-image-22980 size-full\" src=\"https:\/\/mikzz.dk\/wp-content\/uploads\/2025\/04\/sousvide_banner_2.png\" alt=\"\" width=\"700\" height=\"150\" srcset=\"https:\/\/mikzz.dk\/wp-content\/uploads\/2025\/04\/sousvide_banner_2.png 700w, https:\/\/mikzz.dk\/wp-content\/uploads\/2025\/04\/sousvide_banner_2-300x64.png 300w, https:\/\/mikzz.dk\/wp-content\/uploads\/2025\/04\/sousvide_banner_2-24x5.png 24w, https:\/\/mikzz.dk\/wp-content\/uploads\/2025\/04\/sousvide_banner_2-36x8.png 36w, https:\/\/mikzz.dk\/wp-content\/uploads\/2025\/04\/sousvide_banner_2-48x10.png 48w\" sizes=\"auto, (max-width: 700px) 100vw, 700px\" \/><\/p>\n<\/div><\/div><\/div><div id=\"pgc-4103-0-1\"  class=\"panel-grid-cell\" ><div id=\"panel-4103-0-1-0\" class=\"so-panel widget widget_black-studio-tinymce widget_black_studio_tinymce panel-first-child panel-last-child\" data-index=\"1\" ><div class=\"textwidget\"><p><span style=\"font-size: 10pt;\"><strong>Cirka grader til tilberedning af k\u00f8d:<\/strong><\/span><\/p>\n<p><span style=\"font-size: 10pt;\"><strong>Very rare<\/strong>, 48 grader (oksek\u00f8d siger stadig Muhhhhh)<\/span><br \/>\n<span style=\"font-size: 10pt;\"><strong>Rare<\/strong>, 54 grader (god til steaks og m\u00f8re udsk\u00e6ringer)<\/span><br \/>\n<span style=\"font-size: 10pt;\"><strong>Medium-rare,<\/strong> 57 (god til kraftige udsk\u00e6ringer)<\/span><br \/>\n<span style=\"font-size: 10pt;\"><strong>Medium<\/strong>, 59 grader<\/span><br \/>\n<span style=\"font-size: 10pt;\"><strong>Gennemstegt<\/strong>, 65 grader<\/span><\/p>\n<\/div><\/div><\/div><\/div><div id=\"pg-4103-1\"  class=\"panel-grid panel-no-style\" ><div id=\"pgc-4103-1-0\"  class=\"panel-grid-cell\" ><div id=\"panel-4103-1-0-0\" class=\"so-panel widget widget_black-studio-tinymce widget_black_studio_tinymce panel-first-child panel-last-child\" data-index=\"2\" ><div class=\"textwidget\"><p>Som udgangspunkt tilbereder jeg altid kalve og oksek\u00f8d til 54 grader. S\u00e5 er der masser af tid til at give en god bruning bagefter.<\/p>\n<table style=\"width: 98.3895%;\" border=\"1\">\n<tbody>\n<tr>\n<td style=\"width: 24.9864%;\"><strong>Emne<\/strong><\/td>\n<td style=\"width: 10.8132%;\"><strong>Grader<\/strong><\/td>\n<td style=\"width: 23.5933%;\"><strong>Tid<\/strong><\/td>\n<td style=\"width: 40.5527%;\"><strong>Kommentar<br \/>\n<\/strong><\/td>\n<\/tr>\n<tr>\n<td style=\"width: 24.9864%;\"><strong>Fl\u00e6skesteg<\/strong><\/td>\n<td style=\"width: 10.8132%;\">65<\/td>\n<td style=\"width: 23.5933%;\">6-7 timer<br \/>\nMAX varme i ovn ca. 20-30 min<br \/>\n(IKKE GRILL)<\/td>\n<td style=\"width: 40.5527%;\">N\u00e5r stegen er f\u00e6rdig i sous vide, skylles den grundigt under koldt vand, s\u00e5 alt \"klister\" forsvinder. S\u00e5 t\u00f8res stegen rigtig godt, saltes og s\u00e6ttes i ovn p\u00e5 MAX varme. IKKE grill. Over midten i ovn. Hold \u00f8je efter ca 15 minutter. Husk at lade stegen hvile 15-20 minutter efter.<\/td>\n<\/tr>\n<tr>\n<td style=\"width: 24.9864%;\"><strong>Kamsteg uden sv\u00e6r<\/strong><\/td>\n<td style=\"width: 10.8132%;\">62<\/td>\n<td style=\"width: 23.5933%;\">7 timer<\/td>\n<td style=\"width: 40.5527%;\"><\/td>\n<\/tr>\n<tr>\n<td style=\"width: 24.9864%;\"><strong>Culotte<\/strong><\/td>\n<td style=\"width: 10.8132%;\">56<\/td>\n<td style=\"width: 23.5933%;\">7 timer<\/td>\n<td style=\"width: 40.5527%;\"><\/td>\n<\/tr>\n<tr>\n<td style=\"width: 24.9864%;\"><strong>H\u00f8jreb u.ben<br \/>\n<\/strong><\/td>\n<td style=\"width: 10.8132%;\">56<\/td>\n<td style=\"width: 23.5933%;\">6 timer<\/td>\n<td style=\"width: 40.5527%;\"><\/td>\n<\/tr>\n<tr>\n<td style=\"width: 24.9864%;\"><strong>Kalve culotte<\/strong><\/td>\n<td style=\"width: 10.8132%;\">54<\/td>\n<td style=\"width: 23.5933%;\">6 timer<\/td>\n<td style=\"width: 40.5527%;\"><\/td>\n<\/tr>\n<tr>\n<td style=\"width: 24.9864%;\"><strong>Kalvetyndsteg<\/strong><\/td>\n<td style=\"width: 10.8132%;\">54<\/td>\n<td style=\"width: 23.5933%;\">6 timer<\/td>\n<td style=\"width: 40.5527%;\"><\/td>\n<\/tr>\n<tr>\n<td style=\"width: 24.9864%;\"><strong>Roastbeef<\/strong><\/td>\n<td style=\"width: 10.8132%;\">56<\/td>\n<td style=\"width: 23.5933%;\">7 - 8 timer<\/td>\n<td style=\"width: 40.5527%;\"><\/td>\n<\/tr>\n<tr>\n<td style=\"width: 24.9864%;\"><strong>Flanksteak<\/strong><\/td>\n<td style=\"width: 10.8132%;\">56<\/td>\n<td style=\"width: 23.5933%;\">8 timer<\/td>\n<td style=\"width: 40.5527%;\"><\/td>\n<\/tr>\n<tr>\n<td style=\"width: 24.9864%;\"><strong>Steak<\/strong> (min. 4 cm tykke)<\/td>\n<td style=\"width: 10.8132%;\">54<\/td>\n<td style=\"width: 23.5933%;\">1,5 time<\/td>\n<td style=\"width: 40.5527%;\"><\/td>\n<\/tr>\n<tr>\n<td style=\"width: 24.9864%;\"><strong>Spidsbryst<\/strong><\/td>\n<td style=\"width: 10.8132%;\">56<\/td>\n<td style=\"width: 23.5933%;\">14 timer<\/td>\n<td style=\"width: 40.5527%;\"><\/td>\n<\/tr>\n<tr>\n<td style=\"width: 24.9864%;\"><strong>Kalkun bryst<br \/>\n<\/strong><\/td>\n<td style=\"width: 10.8132%;\">60<\/td>\n<td style=\"width: 23.5933%;\">2 timer<\/td>\n<td style=\"width: 40.5527%;\"><\/td>\n<\/tr>\n<tr>\n<td style=\"width: 24.9864%;\"><strong>Oksem\u00f8rbrad<\/strong><\/td>\n<td style=\"width: 10.8132%;\">56<\/td>\n<td style=\"width: 23.5933%;\">2 - 3\u00a0 timer<\/td>\n<td style=\"width: 40.5527%;\"><\/td>\n<\/tr>\n<tr>\n<td style=\"width: 24.9864%;\"><strong>Hamburgerryg<br \/>\n<\/strong><\/td>\n<td style=\"width: 10.8132%;\">61<\/td>\n<td style=\"width: 23.5933%;\">4-6 timer<\/td>\n<td style=\"width: 40.5527%;\"><\/td>\n<\/tr>\n<tr>\n<td style=\"width: 24.9864%;\"><strong>Svinem\u00f8rbrad<br \/>\n<\/strong><\/td>\n<td style=\"width: 10.8132%;\">58<\/td>\n<td style=\"width: 23.5933%;\">3 timer<\/td>\n<td style=\"width: 40.5527%;\"><\/td>\n<\/tr>\n<tr>\n<td style=\"width: 24.9864%;\"><strong>Medister<br \/>\n<\/strong><\/td>\n<td style=\"width: 10.8132%;\">70<\/td>\n<td style=\"width: 23.5933%;\">3 timer<\/td>\n<td style=\"width: 40.5527%;\"><\/td>\n<\/tr>\n<\/tbody>\n<\/table>\n<hr \/>\n<p>&nbsp;<\/p>\n<\/div><\/div><\/div><\/div><div id=\"pg-4103-2\"  class=\"panel-grid panel-no-style\" ><div id=\"pgc-4103-2-0\"  class=\"panel-grid-cell\" ><div id=\"panel-4103-2-0-0\" class=\"so-panel widget widget_black-studio-tinymce widget_black_studio_tinymce panel-first-child panel-last-child\" data-index=\"3\" ><div class=\"textwidget\"><p><span style=\"font-size: 12pt;\"><strong>Sauce<\/strong><\/span><\/p>\n<p><a href=\"https:\/\/mikzz.dk\/wp-content\/uploads\/2024\/07\/Grundsauce.pdf\" target=\"_blank\" rel=\"noopener\">Grundsauce<\/a><\/p>\n<p><a href=\"https:\/\/mikzz.dk\/wp-content\/uploads\/2024\/07\/Champignonsauce.pdf\" target=\"_blank\" rel=\"noopener\">Champignon sauce<\/a><\/p>\n<p><a href=\"https:\/\/mikzz.dk\/wp-content\/uploads\/2024\/07\/Rodvinssauce.pdf\" target=\"_blank\" rel=\"noopener\">R\u00f8dvins sauce<\/a><\/p>\n<p><a href=\"https:\/\/mikzz.dk\/wp-content\/uploads\/2024\/10\/SauceBearnaiseSV.pdf\" target=\"_blank\" rel=\"noopener\">Sauce Bearnaise<\/a> <em>(Sous vide)<\/em><\/p>\n<p><a href=\"https:\/\/mikzz.dk\/wp-content\/uploads\/2024\/07\/WhiskySauce.pdf\" target=\"_blank\" rel=\"noopener\">Whisky sauce<\/a><\/p>\n<\/div><\/div><\/div><div id=\"pgc-4103-2-1\"  class=\"panel-grid-cell panel-grid-cell-empty panel-grid-cell-mobile-last\" ><\/div><div id=\"pgc-4103-2-2\"  class=\"panel-grid-cell panel-grid-cell-empty\" ><\/div><\/div><div id=\"pg-4103-3\"  class=\"panel-grid panel-no-style\" ><div id=\"pgc-4103-3-0\"  class=\"panel-grid-cell panel-grid-cell-empty\" ><\/div><div id=\"pgc-4103-3-1\"  class=\"panel-grid-cell panel-grid-cell-empty panel-grid-cell-mobile-last\" ><\/div><div id=\"pgc-4103-3-2\"  class=\"panel-grid-cell panel-grid-cell-empty\" ><\/div><\/div><\/div>","protected":false},"excerpt":{"rendered":"<p>Cirka grader til tilberedning af k\u00f8d: Very rare, 48 grader (oksek\u00f8d siger stadig Muhhhhh) Rare, 54 grader (god til steaks og m\u00f8re udsk\u00e6ringer) Medium-rare, 57 (god til kraftige udsk\u00e6ringer) Medium, 59 grader Gennemstegt, 65 grader Som udgangspunkt tilbereder jeg altid kalve og oksek\u00f8d til 54 grader. S\u00e5 er der masser af tid til at give &#8230; <a title=\"Madkassen\" class=\"read-more\" href=\"https:\/\/mikzz.dk\/?page_id=4103\" aria-label=\"Read more about Madkassen\">Read more<\/a><\/p>\n","protected":false},"author":1,"featured_media":0,"parent":0,"menu_order":0,"comment_status":"closed","ping_status":"closed","template":"","meta":{"footnotes":""},"class_list":["post-4103","page","type-page","status-publish"],"_links":{"self":[{"href":"https:\/\/mikzz.dk\/index.php?rest_route=\/wp\/v2\/pages\/4103","targetHints":{"allow":["GET"]}}],"collection":[{"href":"https:\/\/mikzz.dk\/index.php?rest_route=\/wp\/v2\/pages"}],"about":[{"href":"https:\/\/mikzz.dk\/index.php?rest_route=\/wp\/v2\/types\/page"}],"author":[{"embeddable":true,"href":"https:\/\/mikzz.dk\/index.php?rest_route=\/wp\/v2\/users\/1"}],"replies":[{"embeddable":true,"href":"https:\/\/mikzz.dk\/index.php?rest_route=%2Fwp%2Fv2%2Fcomments&post=4103"}],"version-history":[{"count":2,"href":"https:\/\/mikzz.dk\/index.php?rest_route=\/wp\/v2\/pages\/4103\/revisions"}],"predecessor-version":[{"id":23124,"href":"https:\/\/mikzz.dk\/index.php?rest_route=\/wp\/v2\/pages\/4103\/revisions\/23124"}],"wp:attachment":[{"href":"https:\/\/mikzz.dk\/index.php?rest_route=%2Fwp%2Fv2%2Fmedia&parent=4103"}],"curies":[{"name":"wp","href":"https:\/\/api.w.org\/{rel}","templated":true}]}}